{"id":2174,"date":"2018-09-10T16:44:53","date_gmt":"2018-09-10T16:44:53","guid":{"rendered":"http:\/\/www.noordvlees-group.be\/alles-over-ons-varkensvlees\/"},"modified":"2021-04-08T08:48:13","modified_gmt":"2021-04-08T08:48:13","slug":"alles-ueber-unser-schweinefleisch","status":"publish","type":"page","link":"https:\/\/www.noordvlees-group.be\/de\/alles-ueber-unser-schweinefleisch\/","title":{"rendered":"Alles \u00fcber unser Schweinefleisch"},"content":{"rendered":"<div class=\"wpb-content-wrapper\"><p>[vc_row full_width=&#8220;stretch_row&#8220; parallax=&#8220;content-moving&#8220; parallax_image=&#8220;94&#8243; css=&#8220;.vc_custom_1536598392128{margin-bottom: 0px !important;}&#8220; el_class=&#8220;page-header&#8220;][vc_column css=&#8220;.vc_custom_1536579615125{padding-top: 60px !important;padding-bottom: 60px !important;}&#8220;][vc_custom_heading source=&#8220;post_title&#8220; font_container=&#8220;tag:h1|text_align:left|color:%23ffffff&#8220; use_theme_fonts=&#8220;yes&#8220;][\/vc_column][\/vc_row][vc_row css=&#8220;.vc_custom_1536579952695{margin-top: 60px !important;margin-bottom: 60px !important;}&#8220;][vc_column el_class=&#8220;no-padding-left&#8220;][vc_column_text]<\/p>\n<h1 style=\"text-align: center;\">Coming<span style=\"color: #e52813;\">\u00a0soon<\/span>&#8230;<\/h1>\n<p style=\"text-align: center;\">Da wir uns um transparente Kommunikation bem\u00fchen, finden Sie hier demn\u00e4chst alles, was Sie \u00fcber unser hervorragendes Schweinefleisch bereits wissen, vor allem aber, was Sie noch nicht wissen.<\/p>\n<p>[\/vc_column_text][vc_single_image image=&#8220;2730&#8243; img_size=&#8220;medium&#8220; alignment=&#8220;center&#8220; css_animation=&#8220;fadeIn&#8220; css=&#8220;.vc_custom_1617871689885{padding-top: 30px !important;}&#8220;][\/vc_column][\/vc_row]<\/p>\n<\/div>","protected":false},"excerpt":{"rendered":"<p>[vc_row full_width=&#8220;stretch_row&#8220; parallax=&#8220;content-moving&#8220; parallax_image=&#8220;94&#8243; css=&#8220;.vc_custom_1536598392128{margin-bottom: 0px !important;}&#8220; el_class=&#8220;page-header&#8220;][vc_column css=&#8220;.vc_custom_1536579615125{padding-top: 60px !important;padding-bottom: 60px !important;}&#8220;][vc_custom_heading source=&#8220;post_title&#8220; font_container=&#8220;tag:h1|text_align:left|color:%23ffffff&#8220; use_theme_fonts=&#8220;yes&#8220;][\/vc_column][\/vc_row][vc_row css=&#8220;.vc_custom_1536579952695{margin-top: 60px !important;margin-bottom: 60px !important;}&#8220;][vc_column el_class=&#8220;no-padding-left&#8220;][vc_column_text] Coming\u00a0soon&#8230; Da wir uns um transparente Kommunikation bem\u00fchen, finden Sie hier demn\u00e4chst alles, was Sie \u00fcber unser hervorragendes Schweinefleisch bereits wissen, vor allem aber, was Sie noch nicht wissen. [\/vc_column_text][vc_single_image image=&#8220;2730&#8243; img_size=&#8220;medium&#8220; alignment=&#8220;center&#8220; [&hellip;]<\/p>\n","protected":false},"author":1,"featured_media":0,"parent":0,"menu_order":0,"comment_status":"closed","ping_status":"closed","template":"","meta":{"_acf_changed":false,"footnotes":"","_links_to":"","_links_to_target":""},"class_list":["post-2174","page","type-page","status-publish","hentry"],"acf":[],"_links":{"self":[{"href":"https:\/\/www.noordvlees-group.be\/de\/wp-json\/wp\/v2\/pages\/2174","targetHints":{"allow":["GET"]}}],"collection":[{"href":"https:\/\/www.noordvlees-group.be\/de\/wp-json\/wp\/v2\/pages"}],"about":[{"href":"https:\/\/www.noordvlees-group.be\/de\/wp-json\/wp\/v2\/types\/page"}],"author":[{"embeddable":true,"href":"https:\/\/www.noordvlees-group.be\/de\/wp-json\/wp\/v2\/users\/1"}],"replies":[{"embeddable":true,"href":"https:\/\/www.noordvlees-group.be\/de\/wp-json\/wp\/v2\/comments?post=2174"}],"version-history":[{"count":2,"href":"https:\/\/www.noordvlees-group.be\/de\/wp-json\/wp\/v2\/pages\/2174\/revisions"}],"predecessor-version":[{"id":2749,"href":"https:\/\/www.noordvlees-group.be\/de\/wp-json\/wp\/v2\/pages\/2174\/revisions\/2749"}],"wp:attachment":[{"href":"https:\/\/www.noordvlees-group.be\/de\/wp-json\/wp\/v2\/media?parent=2174"}],"curies":[{"name":"wp","href":"https:\/\/api.w.org\/{rel}","templated":true}]}}