{"id":2219,"date":"2018-09-13T12:36:01","date_gmt":"2018-09-13T12:36:01","guid":{"rendered":"http:\/\/www.noordvlees-group.be\/noordvlees\/duurzaamheid\/"},"modified":"2019-10-26T05:31:53","modified_gmt":"2019-10-26T05:31:53","slug":"nachhaltigkeit","status":"publish","type":"page","link":"https:\/\/www.noordvlees-group.be\/de\/noordvlees\/nachhaltigkeit\/","title":{"rendered":"Nachhaltigkeit"},"content":{"rendered":"<div class=\"wpb-content-wrapper\"><p>[vc_row full_width=&#8220;stretch_row&#8220; parallax=&#8220;content-moving&#8220; parallax_image=&#8220;94&#8243; css=&#8220;.vc_custom_1536749385851{margin-bottom: 0px !important;}&#8220; el_class=&#8220;page-header&#8220;][vc_column css=&#8220;.vc_custom_1536579615125{padding-top: 60px !important;padding-bottom: 60px !important;}&#8220;][vc_custom_heading text=&#8220;Nachhaltigkeit, Qualit\u00e4t, Mensch&#8220; font_container=&#8220;tag:h1|text_align:left|color:%23ffffff&#8220; use_theme_fonts=&#8220;yes&#8220;][\/vc_column][\/vc_row][vc_row css=&#8220;.vc_custom_1536747441158{margin-top: 60px !important;}&#8220;][vc_column el_class=&#8220;no-padding-left&#8220;][vc_column_text css=&#8220;.vc_custom_1572067551399{margin-bottom: 0px !important;}&#8220;]<\/p>\n<p style=\"text-align: center;\">Nachhaltigkeit ist f\u00fcr uns ein wichtiges Thema. Seit unserer Gr\u00fcndung haben wir bei allen Aktivit\u00e4ten <strong>den Menschen, das Tier und die Umwelt fest im Blick.<\/strong><\/p>\n<p style=\"text-align: center;\"><strong>Unsere Mitarbeiter sind f\u00fcr uns von unsch\u00e4tzbarem Wert.<\/strong> Sie sorgen t\u00e4glich daf\u00fcr, dass im Unternehmen alles reibungslos funktioniert. Und auch die <strong>Kontakte zu unseren Nachbarn<\/strong> sind uns wichtig.<\/p>\n<p style=\"text-align: center;\"><strong>Selbstverst\u00e4ndlich achten wir auch auf das Wohl unserer Tiere.<\/strong> Wir legen Wert auf einen ruhigen, artgerechten und stressfreien Umgang mit den Schweinen. Und nat\u00fcrlich ist f\u00fcr ein leckeres St\u00fcck Fleisch auch eine sichere und hygienische Verarbeitung unentbehrlich. Deshalb arbeiten wir unter Aufsicht der F\u00f6deralen Agentur f\u00fcr die Sicherheit der Nahrungsmittelkette (FASNK).<\/p>\n<p style=\"text-align: center;\">Nachhaltigkeit bedeutet f\u00fcr uns auch, dass wir uns darum bem\u00fchen, die Auswirkungen auf die <strong>Umwelt<\/strong> auf ein Minimum zu begrenzen. Zu diesem Zweck haben wir verschiedene Ma\u00dfnahmen ergriffen.<\/p>\n<p style=\"text-align: center;\"><strong>Sie m\u00f6chten mehr \u00fcber unsere Schritte f\u00fcr mehr Nachhaltigkeit erfahren?<\/strong><br \/>\nDann scrollen Sie weiter und bewegen Sie den Cursor \u00fcber die Abbildungen.<\/p>\n<p>[\/vc_column_text][\/vc_column][\/vc_row][vc_row][vc_column offset=&#8220;vc_col-lg-offset-2 vc_col-lg-8&#8243;][vc_column_text]<div id=\"image-map-pro-10\"><\/div>[\/vc_column_text][\/vc_column][\/vc_row]<\/p>\n<\/div>","protected":false},"excerpt":{"rendered":"<p>[vc_row full_width=&#8220;stretch_row&#8220; parallax=&#8220;content-moving&#8220; parallax_image=&#8220;94&#8243; css=&#8220;.vc_custom_1536749385851{margin-bottom: 0px !important;}&#8220; el_class=&#8220;page-header&#8220;][vc_column css=&#8220;.vc_custom_1536579615125{padding-top: 60px !important;padding-bottom: 60px !important;}&#8220;][vc_custom_heading text=&#8220;Nachhaltigkeit, Qualit\u00e4t, Mensch&#8220; font_container=&#8220;tag:h1|text_align:left|color:%23ffffff&#8220; use_theme_fonts=&#8220;yes&#8220;][\/vc_column][\/vc_row][vc_row css=&#8220;.vc_custom_1536747441158{margin-top: 60px !important;}&#8220;][vc_column el_class=&#8220;no-padding-left&#8220;][vc_column_text css=&#8220;.vc_custom_1572067551399{margin-bottom: 0px !important;}&#8220;] Nachhaltigkeit ist f\u00fcr uns ein wichtiges Thema. Seit unserer Gr\u00fcndung haben wir bei allen Aktivit\u00e4ten den Menschen, das Tier und die Umwelt fest im Blick. Unsere Mitarbeiter sind f\u00fcr uns [&hellip;]<\/p>\n","protected":false},"author":1,"featured_media":0,"parent":2187,"menu_order":0,"comment_status":"closed","ping_status":"closed","template":"page-noordvlees.php","meta":{"_acf_changed":false,"footnotes":"","_links_to":"","_links_to_target":""},"class_list":["post-2219","page","type-page","status-publish","hentry"],"acf":[],"_links":{"self":[{"href":"https:\/\/www.noordvlees-group.be\/de\/wp-json\/wp\/v2\/pages\/2219","targetHints":{"allow":["GET"]}}],"collection":[{"href":"https:\/\/www.noordvlees-group.be\/de\/wp-json\/wp\/v2\/pages"}],"about":[{"href":"https:\/\/www.noordvlees-group.be\/de\/wp-json\/wp\/v2\/types\/page"}],"author":[{"embeddable":true,"href":"https:\/\/www.noordvlees-group.be\/de\/wp-json\/wp\/v2\/users\/1"}],"replies":[{"embeddable":true,"href":"https:\/\/www.noordvlees-group.be\/de\/wp-json\/wp\/v2\/comments?post=2219"}],"version-history":[{"count":3,"href":"https:\/\/www.noordvlees-group.be\/de\/wp-json\/wp\/v2\/pages\/2219\/revisions"}],"predecessor-version":[{"id":2224,"href":"https:\/\/www.noordvlees-group.be\/de\/wp-json\/wp\/v2\/pages\/2219\/revisions\/2224"}],"up":[{"embeddable":true,"href":"https:\/\/www.noordvlees-group.be\/de\/wp-json\/wp\/v2\/pages\/2187"}],"wp:attachment":[{"href":"https:\/\/www.noordvlees-group.be\/de\/wp-json\/wp\/v2\/media?parent=2219"}],"curies":[{"name":"wp","href":"https:\/\/api.w.org\/{rel}","templated":true}]}}