{"id":2229,"date":"2018-09-12T09:52:25","date_gmt":"2018-09-12T09:52:25","guid":{"rendered":"http:\/\/www.noordvlees-group.be\/noordvlees\/jobs\/"},"modified":"2024-09-17T09:21:33","modified_gmt":"2024-09-17T09:21:33","slug":"karriere","status":"publish","type":"page","link":"https:\/\/www.noordvlees-group.be\/de\/noordvlees\/karriere\/","title":{"rendered":"Karriere"},"content":{"rendered":"<div class=\"wpb-content-wrapper\"><p>[vc_row full_width=&#8220;stretch_row&#8220; parallax=&#8220;content-moving&#8220; parallax_image=&#8220;410&#8243; css=&#8220;.vc_custom_1536585958082{margin-bottom: 0px !important;}&#8220; el_class=&#8220;page-header&#8220;][vc_column css=&#8220;.vc_custom_1536579615125{padding-top: 60px !important;padding-bottom: 60px !important;}&#8220;][vc_custom_heading source=&#8220;post_title&#8220; font_container=&#8220;tag:h1|text_align:left|color:%23ffffff&#8220; use_theme_fonts=&#8220;yes&#8220;][\/vc_column][\/vc_row][vc_row css=&#8220;.vc_custom_1536579952695{margin-top: 60px !important;margin-bottom: 60px !important;}&#8220;][vc_column el_class=&#8220;no-padding-left&#8220;][vc_column_text]<\/p>\n<h1 style=\"text-align: center;\">Karriere bei <span style=\"color: #e52813;\">Noordvlees<\/span>&#8230;<\/h1>\n<p style=\"text-align: center;\">&#8230; attraktiv, lehrreich und abwechslungsreich! Aktuell sind bei der Noordvlees Group rund <strong>100 Mitarbeiter<\/strong> besch\u00e4ftigt und wir sind st\u00e4ndig auf der Suche nach neuen Mitarbeitern f\u00fcr unterschiedliche Abteilungen unserer Tochterunternehmen. Da diese Menschen das Herz unseres Unternehmens darstellen, veranstalten wir f\u00fcr neue Mitarbeiter Schulungen, in denen alle Einzelheiten \u00fcber die T\u00e4tigkeit vermittelt werden. Dar\u00fcber hinaus finden jedes Jahr spezielle Kurse und Fortbildungsveranstaltungen statt.<\/p>\n<p style=\"text-align: center;\">M\u00f6chten auch Sie dazu beitragen, dass unsere Kunden schmackhaftes und hochwertiges Schweinefleisch genie\u00dfen k\u00f6nnen?<br \/>\nWenn Sie mit <strong>Engagement und Leidenschaft<\/strong> bei der Sache sind, sehen Sie sich gern in unseren Stellenausschreibungen um. Vielleicht k\u00f6nnen wir Sie schon bald als neuen Mitarbeiter begr\u00fc\u00dfen.<\/p>\n<p style=\"text-align: center;\">Keine passende Stelle dabei? Wir freuen uns auch jederzeit \u00fcber eine <a href=\"http:\/\/www.noordvlees-group.be\/de\/noordvlees\/contact\/\">Initiativbewerbung.<\/a><br \/>\n<strong>Mir melden uns bald bei Ihnen!<\/strong><\/p>\n<p>[\/vc_column_text][\/vc_column][\/vc_row][vc_row css=&#8220;.vc_custom_1536598164952{margin-top: 60px !important;margin-bottom: 60px !important;}&#8220; el_class=&#8220;page-header&#8220;][vc_column el_class=&#8220;no-padding-left&#8220;][vc_column_text]<\/p>\n<h1 style=\"text-align: center;\">Ontdek onze verschillende vacatures<\/h1>\n<p>[\/vc_column_text][\/vc_column][\/vc_row][vc_row][vc_column][vc_basic_grid post_type=&#8220;jobs&#8220; max_items=&#8220;10&#8243; element_width=&#8220;6&#8243; gap=&#8220;0&#8243; item=&#8220;432&#8243; grid_id=&#8220;vc_gid:1726564870171-3a48ba80-c065-9&#8243; css=&#8220;.vc_custom_1537828194438{margin-bottom: 0px !important;}&#8220; taxonomies=&#8220;15&#8243;][\/vc_column][\/vc_row][vc_row full_width=&#8220;stretch_row_content_no_spaces&#8220;][vc_column]<div class=\"evc-image-gallery evc-shortcode evc-element-has-columns  evc-ig-grid-type evc-three-columns evc-no-space  \">\n\t<div class=\"evc-ig-wrapper evc-element-wrapper\">\n\t\t\t\t\t<div class=\"evc-ig-image-item evc-element-item\">\n\t\t\t\t<div class=\"evc-ig-image \">\n\t\t\t\t\t\t\t\t\t\t\n\t\t\t\t\t\t\t\t\t\t\n\t\t\t\t\t<img loading=\"lazy\" decoding=\"async\" width=\"1000\" height=\"1000\" src=\"https:\/\/www.noordvlees-group.be\/wp-content\/uploads\/2018\/09\/jobs1.jpg\" class=\"attachment-full size-full\" alt=\"\" srcset=\"https:\/\/www.noordvlees-group.be\/wp-content\/uploads\/2018\/09\/jobs1.jpg 1000w, https:\/\/www.noordvlees-group.be\/wp-content\/uploads\/2018\/09\/jobs1-150x150.jpg 150w, https:\/\/www.noordvlees-group.be\/wp-content\/uploads\/2018\/09\/jobs1-300x300.jpg 300w, https:\/\/www.noordvlees-group.be\/wp-content\/uploads\/2018\/09\/jobs1-768x768.jpg 768w\" sizes=\"auto, (max-width: 1000px) 100vw, 1000px\" \/>\t\t\t\t\t\n\t\t\t\t\t\t\t\t\t<\/div>\n\t\t\t<\/div>\n\t\t\t\t\t<div class=\"evc-ig-image-item evc-element-item\">\n\t\t\t\t<div class=\"evc-ig-image \">\n\t\t\t\t\t\t\t\t\t\t\n\t\t\t\t\t\t\t\t\t\t\n\t\t\t\t\t<img loading=\"lazy\" decoding=\"async\" width=\"1000\" height=\"1000\" src=\"https:\/\/www.noordvlees-group.be\/wp-content\/uploads\/2018\/09\/jobs2.jpg\" class=\"attachment-full size-full\" alt=\"\" srcset=\"https:\/\/www.noordvlees-group.be\/wp-content\/uploads\/2018\/09\/jobs2.jpg 1000w, https:\/\/www.noordvlees-group.be\/wp-content\/uploads\/2018\/09\/jobs2-150x150.jpg 150w, https:\/\/www.noordvlees-group.be\/wp-content\/uploads\/2018\/09\/jobs2-300x300.jpg 300w, https:\/\/www.noordvlees-group.be\/wp-content\/uploads\/2018\/09\/jobs2-768x768.jpg 768w\" sizes=\"auto, (max-width: 1000px) 100vw, 1000px\" \/>\t\t\t\t\t\n\t\t\t\t\t\t\t\t\t<\/div>\n\t\t\t<\/div>\n\t\t\t\t\t<div class=\"evc-ig-image-item evc-element-item\">\n\t\t\t\t<div class=\"evc-ig-image \">\n\t\t\t\t\t\t\t\t\t\t\n\t\t\t\t\t\t\t\t\t\t\n\t\t\t\t\t<img loading=\"lazy\" decoding=\"async\" width=\"1000\" height=\"1000\" src=\"https:\/\/www.noordvlees-group.be\/wp-content\/uploads\/2018\/09\/jobs4.jpg\" class=\"attachment-full size-full\" alt=\"\" srcset=\"https:\/\/www.noordvlees-group.be\/wp-content\/uploads\/2018\/09\/jobs4.jpg 1000w, https:\/\/www.noordvlees-group.be\/wp-content\/uploads\/2018\/09\/jobs4-150x150.jpg 150w, https:\/\/www.noordvlees-group.be\/wp-content\/uploads\/2018\/09\/jobs4-300x300.jpg 300w, https:\/\/www.noordvlees-group.be\/wp-content\/uploads\/2018\/09\/jobs4-768x768.jpg 768w\" sizes=\"auto, (max-width: 1000px) 100vw, 1000px\" \/>\t\t\t\t\t\n\t\t\t\t\t\t\t\t\t<\/div>\n\t\t\t<\/div>\n\t\t\t<\/div>\n<\/div>\n[\/vc_column][\/vc_row]<\/p>\n<\/div>","protected":false},"excerpt":{"rendered":"<p>[vc_row full_width=&#8220;stretch_row&#8220; parallax=&#8220;content-moving&#8220; parallax_image=&#8220;410&#8243; css=&#8220;.vc_custom_1536585958082{margin-bottom: 0px !important;}&#8220; el_class=&#8220;page-header&#8220;][vc_column css=&#8220;.vc_custom_1536579615125{padding-top: 60px !important;padding-bottom: 60px !important;}&#8220;][vc_custom_heading source=&#8220;post_title&#8220; font_container=&#8220;tag:h1|text_align:left|color:%23ffffff&#8220; use_theme_fonts=&#8220;yes&#8220;][\/vc_column][\/vc_row][vc_row css=&#8220;.vc_custom_1536579952695{margin-top: 60px !important;margin-bottom: 60px !important;}&#8220;][vc_column el_class=&#8220;no-padding-left&#8220;][vc_column_text] Karriere bei Noordvlees&#8230; &#8230; attraktiv, lehrreich und abwechslungsreich! Aktuell sind bei der Noordvlees Group rund 100 Mitarbeiter besch\u00e4ftigt und wir sind st\u00e4ndig auf der Suche nach neuen Mitarbeitern f\u00fcr unterschiedliche Abteilungen unserer Tochterunternehmen. [&hellip;]<\/p>\n","protected":false},"author":1,"featured_media":0,"parent":2187,"menu_order":0,"comment_status":"closed","ping_status":"closed","template":"page-noordvlees.php","meta":{"_acf_changed":false,"footnotes":"","_links_to":"","_links_to_target":""},"class_list":["post-2229","page","type-page","status-publish","hentry"],"acf":[],"_links":{"self":[{"href":"https:\/\/www.noordvlees-group.be\/de\/wp-json\/wp\/v2\/pages\/2229","targetHints":{"allow":["GET"]}}],"collection":[{"href":"https:\/\/www.noordvlees-group.be\/de\/wp-json\/wp\/v2\/pages"}],"about":[{"href":"https:\/\/www.noordvlees-group.be\/de\/wp-json\/wp\/v2\/types\/page"}],"author":[{"embeddable":true,"href":"https:\/\/www.noordvlees-group.be\/de\/wp-json\/wp\/v2\/users\/1"}],"replies":[{"embeddable":true,"href":"https:\/\/www.noordvlees-group.be\/de\/wp-json\/wp\/v2\/comments?post=2229"}],"version-history":[{"count":4,"href":"https:\/\/www.noordvlees-group.be\/de\/wp-json\/wp\/v2\/pages\/2229\/revisions"}],"predecessor-version":[{"id":3071,"href":"https:\/\/www.noordvlees-group.be\/de\/wp-json\/wp\/v2\/pages\/2229\/revisions\/3071"}],"up":[{"embeddable":true,"href":"https:\/\/www.noordvlees-group.be\/de\/wp-json\/wp\/v2\/pages\/2187"}],"wp:attachment":[{"href":"https:\/\/www.noordvlees-group.be\/de\/wp-json\/wp\/v2\/media?parent=2229"}],"curies":[{"name":"wp","href":"https:\/\/api.w.org\/{rel}","templated":true}]}}