{"id":2607,"date":"2018-10-02T15:08:31","date_gmt":"2018-10-02T15:08:31","guid":{"rendered":"http:\/\/www.noordvlees-group.be\/privacy-policy\/"},"modified":"2020-11-09T13:26:31","modified_gmt":"2020-11-09T13:26:31","slug":"privacy-policy","status":"publish","type":"page","link":"https:\/\/www.noordvlees-group.be\/de\/privacy-policy\/","title":{"rendered":"Datenschutzerkl\u00e4rung Noordvlees NV"},"content":{"rendered":"<div class=\"wpb-content-wrapper\"><p>[vc_row full_width=&#8220;stretch_row&#8220; parallax=&#8220;content-moving&#8220; parallax_image=&#8220;410&#8243; css=&#8220;.vc_custom_1536585958082{margin-bottom: 0px !important;}&#8220; el_class=&#8220;page-header&#8220;][vc_column css=&#8220;.vc_custom_1536579615125{padding-top: 60px !important;padding-bottom: 60px !important;}&#8220;][vc_custom_heading source=&#8220;post_title&#8220; font_container=&#8220;tag:h1|text_align:left|color:%23ffffff&#8220; use_theme_fonts=&#8220;yes&#8220;][\/vc_column][\/vc_row][vc_row css=&#8220;.vc_custom_1536579952695{margin-top: 60px !important;margin-bottom: 60px !important;}&#8220;][vc_column el_class=&#8220;no-padding-left&#8220;][vc_column_text]<em>Version Datenschutzerkl\u00e4rung: September 2020<\/em><\/p>\n<p><em>Noordvlees Van Gool NV (im Folgenden \u201eNOORDVLEES\u201c, \u201ewir\u201c oder \u201euns\u201c bezeichnet) misst dem Schutz personenbezogener Daten gro\u00dfe Bedeutung bei. Ihre Privatsph\u00e4re ist uns daher besonders wichtig. <\/em><\/p>\n<p><em>Diese Datenschutzerkl\u00e4rung (im Folgenden als \u201eDatenschutzerkl\u00e4rung\u201c bezeichnet) gilt unter anderem:\u00a0 <\/em><\/p>\n<ul>\n<li><em>auf unserer Website <\/em><a href=\"http:\/\/www.noordvlees-group.be\"><em>noordvlees-group.be<\/em><\/a><em> (im Folgenden als \u201eWebsite\u201c bezeichnet)<\/em><\/li>\n<li><em>in unserem Webshop <\/em><em><u>vleeshal-van-gool.be<\/u><\/em><em> (im Folgenden als \u201eWebshop\u201c bezeichnet);<\/em><\/li>\n<li><em>f\u00fcr alle (kommerziellen) Beziehungen zwischen NOORDVLEES und Kunden, Interessenten, H\u00e4ndlern\/Lieferanten, Landwirten und anderen Gesch\u00e4ftspartnern; und <\/em><\/li>\n<li><em>beim Besuch der Geb\u00e4ude\/Niederlassungen von NOORDVLEES;<\/em><\/li>\n<\/ul>\n<p><em>Diese Datenschutzerkl\u00e4rung enth\u00e4lt Informationen \u00fcber die von NOORDVLEES gesammelten personenbezogenen Daten sowie dar\u00fcber, wie NOORDVLEES diese personenbezogenen Daten f\u00fcr bestimmte Zwecke verwendet und verarbeitet.<\/em><\/p>\n<p><em>NOORDVLEES m\u00f6chte betonen, dass sie sich stets bem\u00fcht, in \u00dcbereinstimmung mit den \u201eDatenschutzgesetzen\u201c zu handeln: <\/em><\/p>\n<ul>\n<li><em>dem belgischen Datenschutzgesetz vom 30. Juli 2018 \u00fcber den Schutz nat\u00fcrlicher Personen bei der Verarbeitung personenbezogener Daten;<\/em><\/li>\n<li><em>der EU-Verordnung 2016\/679 vom 27. April 2016 zum Schutz nat\u00fcrlicher Personen bei der Verarbeitung personenbezogener Daten und zum freien Datenverkehr und zur Aufhebung der Richtlinie 95\/46\/EG; und\/oder, <\/em><\/li>\n<li><em>der (k\u00fcnftigen) belgischen Gesetzgebung bez\u00fcglich der Umsetzung der oben genannten Verordnung oder jedes anderen Rechtsaktes zur \u00c4nderung dieser Verordnung<\/em><em>.<\/em><\/li>\n<\/ul>\n<p><em>Der Besuch der Website und\/oder des Webshops, die Einrichtung eines Kontos im Webshop, der Kauf von Produkten, jegliche Kommunikation mit NOORDVLEES, der Besuch der Geb\u00e4ude\/Filialen setzt Ihre ausdr\u00fcckliche Zustimmung (durch Angabe Ihrer personenbezogenen Daten oder Opt-in) zur Datenschutzerkl\u00e4rung und damit zur Art und Weise voraus, wie NOORDVLEES Ihre personenbezogenen Daten sammelt, verwendet und verarbeitet.<\/em><\/p>\n<p><em>Bitte lesen Sie diese Datenschutzerkl\u00e4rung in Verbindung mit den Cookie-Richtlinien der Website und des Webshops von NOORDVLEES.<\/em><\/p>\n<ol>\n<li><strong>Arten von personenbezogenen Daten<\/strong><\/li>\n<\/ol>\n<p>NOORDVLEES kann folgende personenbezogenen Daten sammeln und verarbeiten:<\/p>\n<p><strong><u>Standarddaten<\/u><\/strong><\/p>\n<ul>\n<li>Name<\/li>\n<li>Vorname<\/li>\n<li>E-Mail-Adresse<\/li>\n<li>Telefonnummer (Festnetz- und\/oder Mobilnummer)<\/li>\n<li>Faxnummer<\/li>\n<li>Adresse<\/li>\n<li>Standarddaten<\/li>\n<\/ul>\n<p><strong><u>Kerngesch\u00e4ft &#8211; Kundenbeziehungen<\/u><\/strong><\/p>\n<ul>\n<li>Name des Unternehmens<\/li>\n<li>Eindeutige Kundennummer<\/li>\n<li>Abgek\u00fcrzte Kundennummer<\/li>\n<li>USt-IdNr.:<\/li>\n<li>Unterschrift<\/li>\n<li>Kennzeichen<\/li>\n<li>Nationale Registrierungsnummer<\/li>\n<\/ul>\n<p><strong><u>Website\/Webshop<\/u><\/strong><\/p>\n<ul>\n<li>Standarddaten<\/li>\n<li>Social-Media-Daten<\/li>\n<li>Geschlecht<\/li>\n<li>nformationen bez\u00fcglich der Nutzung der Websites\/des Webshop (wie IP-Adresse)<\/li>\n<\/ul>\n<p><strong><u>Schutz<\/u><\/strong><\/p>\n<ul>\n<li>Standarddaten<\/li>\n<li>Videoaufnahmen<\/li>\n<\/ul>\n<p><strong>\u00a0<\/strong><\/p>\n<p><strong><u>Transport<\/u><\/strong><\/p>\n<ul>\n<li>Standarddaten<\/li>\n<li>Geografische Standortdaten<\/li>\n<\/ul>\n<p><strong><u>Allgemeines<\/u><\/strong><\/p>\n<ul>\n<li>Alle personenbezogenen Daten, die im freien Feld des Kontaktformulars auf der Website Noordvlees-group.be enthalten sind<\/li>\n<li>Alle anderen freiwillig an NOORDVLEES \u00fcbermittelten personenbezogenen Daten<\/li>\n<\/ul>\n<p>&nbsp;<\/p>\n<ol start=\"2\">\n<li><strong>Art der Erhebung personenbezogener Daten<\/strong><\/li>\n<\/ol>\n<p>Diese personenbezogenen Daten werden bei bzw. im Rahmen folgender Aktivit\u00e4ten erhoben:<\/p>\n<p><strong><u>Akquise<\/u><\/strong><\/p>\n<ul>\n<li>Austausch von Visitenkarten<\/li>\n<li>Einholen eines Angebots<\/li>\n<\/ul>\n<p><strong><u>Beziehungen zu Kunden &#8211; Lieferanten &#8211; anderen Gesch\u00e4ftspartnern<\/u><\/strong><\/p>\n<ul>\n<li>Schriftverkehr mit und von NOORDVLEES<\/li>\n<li>Eine Zusammenarbeit mit NOORDVLEES (z.B. Verkauf von Schweinen an NOORDVLEES, Kauf von Schweinefleisch von NOORDVLEES)<\/li>\n<li>Bearbeitung eines VKI (Informationen zur Lebensmittelkette)<\/li>\n<li>Kopieren der Personalausweise von Fahrern bei Lieferung von lebenden Schweinen<\/li>\n<li>Anmeldung zu Veranstaltungen von NOORDVLEES<\/li>\n<\/ul>\n<p><strong><u>Website\/Webshop<\/u><\/strong><\/p>\n<ul>\n<li>Besuch der Website und\/oder des Webshops<\/li>\n<li>Anlegen eines Accounts im Webshop<\/li>\n<li>Ausf\u00fcllen des Kontaktformulars auf der Website<\/li>\n<\/ul>\n<p><strong><u>Sicherung von Einrichtungen\/Geb\u00e4uden<\/u><\/strong><\/p>\n<ul>\n<li>Sammlung von Bildmaterial (Kamera\u00fcberwachung)<\/li>\n<li>Besuch der Geb\u00e4ude\/Niederlassungen von NOORDVLEES;<\/li>\n<\/ul>\n<p>Die personenbezogenen Daten, die NOORDVLEES sammelt, \u00fcbermitteln Sie also ausdr\u00fccklich und freiwillig selbst.<\/p>\n<p>Die Bereitstellung bestimmter personenbezogener Daten ist (manchmal) eine Bedingung f\u00fcr die Inanspruchnahme bestimmter Dienstleistungen (z.B. f\u00fcr den Kauf von Produkten im Webshop oder f\u00fcr die Teilnahme an bestimmten Aktivit\u00e4ten und Veranstaltungen). Hier wird angegeben, welche Daten obligatorisch und welche optional sind.<\/p>\n<ol start=\"3\">\n<li><strong>Nutzung der personenbezogenen Daten<\/strong><\/li>\n<\/ol>\n<p>NOORDVLEES kann Ihre personenbezogenen Daten zu folgenden Zwecken nutzen:<\/p>\n<p><strong><u>Akquise<\/u><\/strong><\/p>\n<ul>\n<li>Nachverfolgung nach einem Meeting<\/li>\n<li>Eine Angebotserstellung<\/li>\n<\/ul>\n<p><strong><u>Compliance<\/u><\/strong><\/p>\n<ul>\n<li>Einhaltung rechtlicher Verpflichtungen (z.B. \u00dcberwachung der Lebensmittelsicherheit und des Tierschutzes, Betrugsbek\u00e4mpfung)<\/li>\n<li>Einhaltung der Anforderungen an die Genehmigungen, die NOORDVLEES erf\u00fcllt (Beter Leven, Certus usw.)<\/li>\n<\/ul>\n<p><strong><u>Beziehungen zu Kunden &#8211; Lieferanten &#8211; anderen Gesch\u00e4ftspartnern<\/u><\/strong><\/p>\n<ul>\n<li>Ausf\u00fchrung eines Vertrags mit NOORDVLEES (inkl. Nachverfolgung)<\/li>\n<li>Bereitstellung von Support\/Unterst\u00fctzung<\/li>\n<li>Versand von Newslettern<\/li>\n<li>Dokumentenverwaltung (z.B. Erstellung einer kaufm\u00e4nnischen Akte)<\/li>\n<li>Teilnahme an Veranstaltungen, die von NOORDVLEES organisiert werden<\/li>\n<li>Den Rechnungsversand und Beitreibung von Zahlungen<\/li>\n<li>Versand von Weihnachtskarten\/Gl\u00fcckwunschkarten<\/li>\n<\/ul>\n<p><strong><u>Besucher (Website oder physisch)<\/u><\/strong><\/p>\n<ul>\n<li>Beantwortung von Fragen (ggf. \u00fcber das Kontaktformular)<\/li>\n<li>Registrierung der Besucher in den Geb\u00e4uden\/Niederlassungen<\/li>\n<\/ul>\n<p>Sicherung der Geb\u00e4ude\/Niederlassungen von NOORDVLEES<\/p>\n<p>&nbsp;<\/p>\n<p>Die Verarbeitung erfolgt jeweils auf den nachfolgenden Rechtsgrundlagen:<\/p>\n<ul>\n<li>Sie haben Ihre Einwilligung zu der Verarbeitung Ihrer personenbezogenen Daten f\u00fcr einen oder mehrere bestimmte Zwecke gegeben<\/li>\n<li>Die Verarbeitung ist f\u00fcr die Erf\u00fcllung eines Vertrags mit NOORDVLEES oder zur Durchf\u00fchrung vorvertraglicher Ma\u00dfnahmen erforderlich, die auf Anfrage der betroffenen Person erfolgen.<\/li>\n<li>Die Verarbeitung ist notwendig, um einer rechtlichen Verpflichtung nachzukommen, die NOORDVLEES auferlegt wird (z.B. zur Lebensmittelsicherheit oder zum Tierschutz).<\/li>\n<li>Die Verarbeitung ist erforderlich, um Ihre lebenswichtigen Interessen oder die einer anderen nat\u00fcrlichen Person zu sch\u00fctzen<\/li>\n<li>Die Verarbeitung ist notwendig zur Erf\u00fcllung einer Aufgabe von allgemeinem Interesse<\/li>\n<li>Die Verarbeitung ist notwendig, um die berechtigten Interessen von NOORDVLEES zu sch\u00fctzen. Eine Verarbeitung auf der unten angegebenen Rechtsgrundlage findet in folgenden F\u00e4llen statt:<\/li>\n<\/ul>\n<ul>\n<li>Sicherung der Geb\u00e4ude\/Niederlassungen von NOORDVLEES; und<\/li>\n<li>Versand von Newslettern.<\/li>\n<\/ul>\n<p>NOORDVLEES respektiert stets das Gleichgewicht zwischen seinen legitimen Interessen und Ihren Grundrechten und -freiheiten, indem es die Auswirkungen auf folgende Weise begrenzt:<\/p>\n<ul>\n<li>nach M\u00f6glichkeit Sicherung und Einschr\u00e4nkung des Zugriffs auf die Kamerabilder (und andere zu Sicherheitszwecken gesammelte personenbezogene Daten), sodass nur denjenigen Personen Zugang zu den Bildern\/personenbezogenen Daten gew\u00e4hrt wird, f\u00fcr die der Zugang zu den Bildern\/personenbezogenen Daten f\u00fcr die Aus\u00fcbung ihrer Funktion unbedingt erforderlich ist;<\/li>\n<li>Begrenzung der Speicherdauer der Kamerabilder auf maximal 4 Wochen (dies ist der Zeitraum, der erforderlich ist, um verschiedene Genehmigungen wie \u201eBeter Leven\u201c zu erf\u00fcllen);<\/li>\n<li>Melden der Kamera \u00fcber die Website www.aangiftecamera.be bei der Polizei;<\/li>\n<li>Verwendung von Piktogrammen, um die betroffene Person darauf hinzuweisen, dass ein bestimmter Bereich von Kameras \u00fcberwacht wird; und<\/li>\n<li>Vorsehen der M\u00f6glichkeit f\u00fcr die betroffene Person, den Newsletter abzubestellen und in der Folge den Wunsch dieser Person zu respektieren.<\/li>\n<\/ul>\n<p>Wir bem\u00fchen uns, die Auswirkungen der Verarbeitung personenbezogener Daten jederzeit zu begrenzen, und werden Ihre Daten f\u00fcr die oben genannten Zwecke nicht mehr verarbeiten, wenn Ihre pers\u00f6nlichen Interessen oder Ihre Grundrechte und Grundfreiheiten Vorrang vor unseren Zwecken haben (gem\u00e4\u00df Erw\u00e4gungsgrund 47 der DSGVO).<\/p>\n<ol start=\"4\">\n<li><strong>Weitergabe personenbezogener Daten an Dritte<\/strong><\/li>\n<\/ol>\n<p>NOORDVLEES wird Ihre personenbezogenen Daten nicht an Dritte weitergeben, es sei denn, dies ist f\u00fcr die Durchf\u00fchrung der zuvor beschriebenen Zwecke erforderlich (siehe <strong>III<\/strong>). In diesem Zusammenhang k\u00f6nnen Ihre personenbezogenen Daten an Zahlungsanbieter, externe IT-Berater, Cloud-Partner, Softwareanbieter, Transportpartner und andere Dienstleistungsanbieter (wie z.B. Dokumentenmanager) weitergegeben werden.<\/p>\n<p>Noordvlees und Bens NV (eingetragener Sitz in Belgien, BE-2260 Oevel (Westerlo), Nijverheidsstraat 24, BTW BE-0404.141.788, RPR Antwerpen, Abteilung Turnhout) \u00fcbermitteln beide personenbezogene Daten an ihren Joint-Venture-Schlachthof Sus Campiniae NV (eingetragener Sitz in Belgien, BE-2260 Oevel (Westerlo), Nijverheidsstraat 24, BTW BE-0633.945.082, RPR Antwerpen, Abteilung Turnhout). Da Noordvlees und Bens personenbezogene Daten in den IT-Systemen von Sus Campiniae verarbeiten, werden Noordvlees und Bens als gemeinsame Verantwortliche f\u00fcr die personenbezogenen Daten betrachtet, die beide Verantwortlichen bei Sus Campiniae aufbewahren. Noordvlees und Bens haben daher eine (gemeinsame) Controller-Vereinbarung geschlossen, in der beide Parteien die notwendigen Verpflichtungen bez\u00fcglich der Datenverarbeitung \u00fcber Sus Campiniae eingegangen sind.<\/p>\n<p>Die Verarbeitung personenbezogener Daten durch die Auftragsverarbeiter wird durch einen Datenverarbeitungsvertrag geregelt, der den Auftragsverarbeiter verpflichtet, Ihre personenbezogenen Daten mindestens so restriktiv zu behandeln oder zu verarbeiten wie NOORDVLEES selbst und in dem (i) die Dauer der Verarbeitung, (ii) die Art und der Zweck der Verarbeitung, (iii) die Art der personenbezogenen Daten und (iv) die Kategorien der betroffenen Personen und (v) die Pflichten und Rechte des Dritten und von NOORDVLEES festgelegt sind.<\/p>\n<p>Unbeschadet der vorerw\u00e4hnten Punkte ist eine Weitergabe Ihrer Daten durch NOORDVLEES eventuell m\u00f6glich:<\/p>\n<ul>\n<li>An die zust\u00e4ndigen Beh\u00f6rden <strong>(i<\/strong><strong>)<\/strong> wenn NOORDVLEES gesetzlich (d.h. im Zusammenhang mit Lebensmittelsicherheit oder Tierschutz) oder im Rahmen gerichtlicher oder k\u00fcnftiger Gerichtsverfahren dazu verpflichtet ist und <strong>(ii)<\/strong> um die Rechte von NOORDVLEES zu sch\u00fctzen und zu verteidigen.<\/li>\n<li>Wenn NOORDVLEES oder nahezu all ihre Verm\u00f6genswerte von einer dritten Partei \u00fcbernommen werden; in diesem Fall stellen Ihre personenbezogenen \u2013 von NOORDVLEES gesammelten \u2013 Daten einen der \u00fcbertragenen Verm\u00f6genswerte dar.<\/li>\n<\/ul>\n<p>In allen sonstigen F\u00e4llen wird NOORDVLEES Ihre personenbezogenen Daten nicht verkaufen, vermieten oder an dritte Parteien weitergeben, au\u00dfer wenn NOORDVLEES <strong>(i)<\/strong> dazu Ihr Einverst\u00e4ndnis erhalten hat und <strong>(ii)<\/strong> mit der entsprechenden dritten Partei ein Datenverarbeitungsabkommen geschlossen hat, welches die n\u00f6tigen Garantien hinsichtlich der Vertraulichkeit und der Datenschutzkonformit\u00e4t Ihrer personenbezogenen Daten enth\u00e4lt.<\/p>\n<ol start=\"5\">\n<li><strong>Grenz\u00fcberschreitende Verarbeitung von personenbezogenen Daten<\/strong><\/li>\n<\/ol>\n<p>Jede \u00dcbermittlung personenbezogener Daten au\u00dferhalb des Europ\u00e4ischen Wirtschaftsraums (EWR) an einen Adressaten mit Wohnsitz oder Sitz in einem Land, das nicht von einer von der Europ\u00e4ischen Kommission erlassenen Angemessenheitsentscheidung erfasst wird, unterliegt einer oder mehreren angemessenen Schutzma\u00dfnahmen (wie von der EU genehmigt):<\/p>\n<ul>\n<li>Den Abschluss eines Daten\u00fcbermittlungsvertrags mit dem Adressaten, der die Standardvertragsklauseln gem\u00e4\u00df dem \u201eBeschluss der Europ\u00e4ischen Kommission vom 5. Februar 2010 (Beschluss 2010\/87\/EG)\u201c enthalten muss; und\/oder<\/li>\n<li>Verbindliche interne Datenschutzvorschriften; und\/oder<\/li>\n<li>Zertifizierungsmechanismus (wie z.B., aber nicht beschr\u00e4nkt auf den EU-US Privacy Shield).<\/li>\n<\/ul>\n<ol start=\"6\">\n<li><strong>Speicherung personenbezogener Daten <\/strong><\/li>\n<\/ol>\n<p>Wenn keine l\u00e4ngere Aufbewahrungsfrist <strong>(i)<\/strong> durch das Gesetz oder <strong>(ii)<\/strong> durch Einhaltung jeder anderen Regelung erforderlich oder gerechtfertigt ist, speichert NOORDVLEES Ihre personenbezogenen Daten nur f\u00fcr den Zeitraum, der zur Erreichung und Erf\u00fcllung der in der Datenschutzerkl\u00e4rung unter \u201eIII. Verwendung personenbezogener Daten\u201c beschriebenen Ziele notwendig ist.<\/p>\n<ol start=\"7\">\n<li><strong>Ihr Recht auf Privatsph\u00e4re<\/strong><\/li>\n<\/ol>\n<p>Im Rahmen der Verarbeitung Ihrer personenbezogenen Daten verf\u00fcgen Sie \u00fcber die folgenden Rechte zum Schutz Ihrer Privatsph\u00e4re:<\/p>\n<ul>\n<li>Das Recht, Ihre Zustimmung zur Verarbeitung personenbezogener Daten zu widerrufen;<\/li>\n<li>Recht auf Einsichtnahme in Ihre personenbezogenen Daten;<\/li>\n<li>Recht auf Berichtigung, Vervollst\u00e4ndigung oder Aktualisierung Ihrer personenbezogenen Daten;<\/li>\n<li>Recht auf L\u00f6schen Ihrer personenbezogenen Daten (\u201eRecht auf Vergessenwerden\u201c);<\/li>\n<li>Recht auf Einschr\u00e4nkung der Verarbeitung Ihrer personenbezogenen Daten;<\/li>\n<li>Recht auf \u00dcbertragbarkeit Ihrer personenbezogenen Daten;<\/li>\n<li>Recht auf Widerspruch\/Einspruch gegen die Verarbeitung Ihrer personenbezogenen Daten; und<\/li>\n<li>Recht, eine Beschwerde bei der Datenschutzbeh\u00f6rde einzureichen.<\/li>\n<\/ul>\n<p>Wenn Sie Ihre Datenschutzrechte aus\u00fcben m\u00f6chten, wenden Sie sich bitte an <a href=\"mailto:GDPR@noordvlees.be\">GDPR@noordvlees.be<\/a> oder f\u00fcllen Sie das <a href=\"http:\/\/www.noordvlees-group.be\/wp-content\/uploads\/2020\/11\/Noordvlees_formulier_uitoefening_rechten_betrokkene-Nederlands.pdf\" target=\"_blank\" rel=\"noopener noreferrer\">Formular<\/a> zur Aus\u00fcbung Ihrer Datenschutzrechte aus und senden Sie es per E-Mail oder Post an NOORDVLEES.<\/p>\n<p>Grunds\u00e4tzlich k\u00f6nnen Sie diese Rechte kostenlos aus\u00fcben, indem Sie (i) das obige Formular ausf\u00fcllen oder (ii) eine E-Mail an <a href=\"mailto:GDPR@noordvlees.be\">GDPR@noordvlees.be<\/a> senden. Au\u00dferdem k\u00f6nnen Sie Ihre personenbezogenen Daten, die Sie beim Anlegen Ihres Accounts angeben mussten, jederzeit \u00fcber Ihren Account verifizieren, aktualisieren und\/oder \u00e4ndern.<\/p>\n<p>Wenn Sie den Newsletter von NOORDVLEES nicht mehr erhalten m\u00f6chten, k\u00f6nnen Sie ihn jederzeit abbestellen, indem Sie auf die E-Mail, in der der Newsletter enthalten ist, antworten und uns so mitteilen, dass Sie den Newsletter nicht mehr erhalten m\u00f6chten.<\/p>\n<ol start=\"8\">\n<li><strong>Sicherung personenbezogener Daten <\/strong><\/li>\n<\/ol>\n<p>NOORDVLEES verpflichtet sich, angemessene, physische, technologische und organisatorische Sicherheitsvorkehrungen zu treffen, um <strong>(i)<\/strong> den unrechtm\u00e4\u00dfigen Zugang zu Ihren personenbezogenen Daten sowie <strong>(ii)<\/strong> den Verlust, den Missbrauch oder die unrechtm\u00e4\u00dfige \u00c4nderung Ihrer personenbezogenen Daten zu verhindern.<\/p>\n<p>Konkret hat NOORDVLEES unter anderem die folgenden Ma\u00dfnahmen ergriffen:<\/p>\n<ul>\n<li>Alle Personen, die im Namen von NOORDVLEES auf Ihre Daten zugreifen k\u00f6nnen, sind zur Geheimhaltung verpflichtet;<\/li>\n<li>F\u00fcr den Fall, dass sich NOORDVLEES an die Verarbeiter von personenbezogenen Daten wendet, wurde die erforderliche Datenverarbeitungsvereinbarung abgeschlossen, die die notwendigen Garantien hinsichtlich der Vertraulichkeit und der datenschutzkonformen Behandlung Ihrer personenbezogenen Daten enth\u00e4lt;<\/li>\n<li>Wir wenden auf alle unsere Systeme eine Richtlinie f\u00fcr Benutzernamen und Passw\u00f6rter an;<\/li>\n<li>Wir erstellen Sicherheitskopien der personenbezogenen Daten, um sie im Falle physischer oder technischer Zwischenf\u00e4lle wiederherstellen zu k\u00f6nnen;<\/li>\n<li>Wir testen und bewerten unsere Ma\u00dfnahmen regelm\u00e4\u00dfig;<\/li>\n<li>Unsere Mitarbeiter werden \u00fcber die Bedeutung des Schutzes personenbezogener Daten informiert und geschult; und,<\/li>\n<li>Wir wenden das Clean-Desk-Prinzip am Ende des Arbeitstages an.<\/li>\n<\/ul>\n<p>NOORDVLEES wird alle personenbezogenen Daten, die sie vor Ort gesammelt hat, in der Cloud bei Datenzentren in der EU speichern oder, falls die Datenzentren der Cloud nicht in der EU liegen, sicherstellen, dass die personenbezogenen Daten durch eine der unter \u201eV. Grenz\u00fcberschreitende Verarbeitung personenbezogener Daten\u201c aufgef\u00fchrten geeigneten Garantien gesch\u00fctzt sind.<\/p>\n<p>Ungeachtet <strong>(i)<\/strong> der Sicherheitspolitik von NOORDVLEES, <strong>(ii)<\/strong> der von ihr durchgef\u00fchrten Kontrollen und <strong>(iii)<\/strong> der in diesem Rahmen getroffenen Handlungen kann kein unfehlbares Sicherheitsniveau garantiert werden. Weder die \u00dcbermittlungs- oder Verbreitungsmethoden \u00fcber das Internet, noch die Methoden der elektronischen Speicherung sind 100 % sicher, sodass NOORDVLEES in diesem Rahmen keine absolute Sicherheit gew\u00e4hrleisten kann.<\/p>\n<p>Abschlie\u00dfend wird die Sicherheit Ihres Benutzerkontos auch von der Geheimhaltung Ihres Passwortes und anderer Kontoinformationen abh\u00e4ngen. NOORDVLEES wird niemals um die Angabe Ihres Passwortes bitten und Sie werden ebenso wenig verpflichtet sein, dieses selbst mitzuteilen. Wenn Sie Ihr Passwort dennoch einem Dritten mitgeteilt haben, wird dieser Dritte \u00fcber Ihr Passwort Zugriff auf Ihr Benutzerkonto und Ihre personenbezogenen Daten erhalten. In diesem Falle haften Sie selbst f\u00fcr die Handlungen, die durch die Verwendung Ihres Benutzerkontos vorgenommen werden. Sollten Sie feststellen, dass sich jemand Zugang zu Ihrem (Benutzerkonto verschafft hat, empfiehlt NOORDVLEES Ihnen dringend, sofort eine Passwort\u00e4nderung vorzunehmen und uns zu kontaktieren.<\/p>\n<ol start=\"9\">\n<li><strong>Aktualisierung der Datenschutzerkl\u00e4rung<\/strong><\/li>\n<\/ol>\n<p>NOORDVLEES kann diese Datenschutzerkl\u00e4rung aktualisieren, indem sie eine neue Version auf der Website ver\u00f6ffentlicht, wobei NOORDVLEES das Datum der \u00dcberarbeitung oben auf der ersten Seite dieser Datenschutzerkl\u00e4rung angibt. Diesbez\u00fcglich wird ausdr\u00fccklich empfohlen, die Website und\/oder den Webshop und die Seite mit der Datenschutzerkl\u00e4rung regelm\u00e4\u00dfig zu besuchen, um sicher zu sein, dass Sie \u00fcber etwaige \u00c4nderungen informiert werden.<\/p>\n<ol start=\"10\">\n<li><strong>Links auf andere Websites<\/strong><\/li>\n<\/ol>\n<p>Die Webseite kann m\u00f6glicherweise Hyperlinks enthalten, die auf andere Websites verlinken. Wenn Sie einen dieser Links anklicken, gelangen Sie m\u00f6glicherweise auf eine andere Website oder Internetquelle, die bewusst oder \u00fcber Cookies oder andere Technologien Informationen \u00fcber Sie sammeln kann. NOORDVLEES \u00fcbernimmt keine Verantwortung, Haftung oder Kontrollbefugnis f\u00fcr diese anderen Websites oder Internetquellen und ebenso wenig f\u00fcr deren Erhebung, Verwendung und Verbreitung Ihrer personenbezogenen Daten. Sie m\u00fcssen die Datenschutzerkl\u00e4rung dieser anderen Websites und Internetquellen selbst lesen, um beurteilen zu k\u00f6nnen, ob sie im Einklang mit dem Datenschutzrecht handeln.<\/p>\n<ol start=\"11\">\n<li><strong>NOORDVLEES kontaktieren<\/strong><\/li>\n<\/ol>\n<p>Sollten Sie Fragen zu dieser Datenschutzerkl\u00e4rung oder \u00fcber die Art und Weise der Sammlung, Verwendung oder Verarbeitung Ihre personenbezogenen Daten von NOORDVLEES haben, nehmen Sie bitte Kontakt mit uns auf:<\/p>\n<ul>\n<li>Per E-Mail: <a href=\"mailto:GDPR@noordvlees.be\">GDPR@noordvlees.be<\/a>,<\/li>\n<\/ul>\n<p>oder<\/p>\n<ul>\n<li>Per Post: Bloemstraat 56, 2920 Kalmthout, Belgien (zu H\u00e4nden von Carlo van der Mast Datenschutzbeauftragter bei NOORDVLEES).<\/li>\n<\/ul>\n<p>Wenn Sie mit der Art und Weise unzufrieden sind, in der NOORDVLEES diese Fragen oder Anmerkungen behandelt hat, oder wenn Sie irgendwelche Beschwerden bez\u00fcglich der Art und Weise haben, in der NOORDVLEES Ihre Daten erhebt, verwendet oder verarbeitet, k\u00f6nnen Sie sich an die Datenschutzbeh\u00f6rde wenden.[\/vc_column_text][\/vc_column][\/vc_row]<\/p>\n<\/div>","protected":false},"excerpt":{"rendered":"<p>[vc_row full_width=&#8220;stretch_row&#8220; parallax=&#8220;content-moving&#8220; parallax_image=&#8220;410&#8243; css=&#8220;.vc_custom_1536585958082{margin-bottom: 0px !important;}&#8220; el_class=&#8220;page-header&#8220;][vc_column css=&#8220;.vc_custom_1536579615125{padding-top: 60px !important;padding-bottom: 60px !important;}&#8220;][vc_custom_heading source=&#8220;post_title&#8220; font_container=&#8220;tag:h1|text_align:left|color:%23ffffff&#8220; use_theme_fonts=&#8220;yes&#8220;][\/vc_column][\/vc_row][vc_row css=&#8220;.vc_custom_1536579952695{margin-top: 60px !important;margin-bottom: 60px !important;}&#8220;][vc_column el_class=&#8220;no-padding-left&#8220;][vc_column_text]Version Datenschutzerkl\u00e4rung: September 2020 Noordvlees Van Gool NV (im Folgenden \u201eNOORDVLEES\u201c, \u201ewir\u201c oder \u201euns\u201c bezeichnet) misst dem Schutz personenbezogener Daten gro\u00dfe Bedeutung bei. Ihre Privatsph\u00e4re ist uns daher besonders wichtig. Diese Datenschutzerkl\u00e4rung (im Folgenden [&hellip;]<\/p>\n","protected":false},"author":1,"featured_media":0,"parent":0,"menu_order":0,"comment_status":"closed","ping_status":"closed","template":"","meta":{"_acf_changed":false,"footnotes":"","_links_to":"","_links_to_target":""},"class_list":["post-2607","page","type-page","status-publish","hentry"],"acf":[],"_links":{"self":[{"href":"https:\/\/www.noordvlees-group.be\/de\/wp-json\/wp\/v2\/pages\/2607","targetHints":{"allow":["GET"]}}],"collection":[{"href":"https:\/\/www.noordvlees-group.be\/de\/wp-json\/wp\/v2\/pages"}],"about":[{"href":"https:\/\/www.noordvlees-group.be\/de\/wp-json\/wp\/v2\/types\/page"}],"author":[{"embeddable":true,"href":"https:\/\/www.noordvlees-group.be\/de\/wp-json\/wp\/v2\/users\/1"}],"replies":[{"embeddable":true,"href":"https:\/\/www.noordvlees-group.be\/de\/wp-json\/wp\/v2\/comments?post=2607"}],"version-history":[{"count":6,"href":"https:\/\/www.noordvlees-group.be\/de\/wp-json\/wp\/v2\/pages\/2607\/revisions"}],"predecessor-version":[{"id":2653,"href":"https:\/\/www.noordvlees-group.be\/de\/wp-json\/wp\/v2\/pages\/2607\/revisions\/2653"}],"wp:attachment":[{"href":"https:\/\/www.noordvlees-group.be\/de\/wp-json\/wp\/v2\/media?parent=2607"}],"curies":[{"name":"wp","href":"https:\/\/api.w.org\/{rel}","templated":true}]}}