{"id":2036,"date":"2018-09-10T16:44:53","date_gmt":"2018-09-10T16:44:53","guid":{"rendered":"http:\/\/www.noordvlees-group.be\/alles-over-ons-varkensvlees\/"},"modified":"2021-04-08T08:47:29","modified_gmt":"2021-04-08T08:47:29","slug":"nos-viandes","status":"publish","type":"page","link":"https:\/\/www.noordvlees-group.be\/fr\/nos-viandes\/","title":{"rendered":"Nos viandes"},"content":{"rendered":"<div class=\"wpb-content-wrapper\"><p>[vc_row full_width=\u00a0\u00bbstretch_row\u00a0\u00bb parallax=\u00a0\u00bbcontent-moving\u00a0\u00bb parallax_image=\u00a0\u00bb94&Prime; css=\u00a0\u00bb.vc_custom_1536598392128{margin-bottom: 0px !important;}\u00a0\u00bb el_class=\u00a0\u00bbpage-header\u00a0\u00bb][vc_column css=\u00a0\u00bb.vc_custom_1536579615125{padding-top: 60px !important;padding-bottom: 60px !important;}\u00a0\u00bb][vc_custom_heading source=\u00a0\u00bbpost_title\u00a0\u00bb font_container=\u00a0\u00bbtag:h1|text_align:left|color:%23ffffff\u00a0\u00bb use_theme_fonts=\u00a0\u00bbyes\u00a0\u00bb][\/vc_column][\/vc_row][vc_row css=\u00a0\u00bb.vc_custom_1536579952695{margin-top: 60px !important;margin-bottom: 60px !important;}\u00a0\u00bb][vc_column el_class=\u00a0\u00bbno-padding-left\u00a0\u00bb][vc_column_text]<\/p>\n<h1 style=\"text-align: center;\">Coming<span style=\"color: #e52813;\">\u00a0soon<\/span>&#8230;<\/h1>\n<p>Dans le cadre de notre politique de transparence, vous trouverez ici tr\u00e8s bient\u00f4t les informations que vous connaissiez d\u00e9j\u00e0 sur nos savoureuses viandes de porc, mais surtout tout ce que vous ne savez pas encore\u00a0![\/vc_column_text][vc_single_image image=\u00a0\u00bb2729&Prime; img_size=\u00a0\u00bbmedium\u00a0\u00bb alignment=\u00a0\u00bbcenter\u00a0\u00bb css_animation=\u00a0\u00bbfadeIn\u00a0\u00bb css=\u00a0\u00bb.vc_custom_1617871644922{padding-top: 30px !important;}\u00a0\u00bb][\/vc_column][\/vc_row]<\/p>\n<\/div>","protected":false},"excerpt":{"rendered":"<p>[vc_row full_width=\u00a0\u00bbstretch_row\u00a0\u00bb parallax=\u00a0\u00bbcontent-moving\u00a0\u00bb parallax_image=\u00a0\u00bb94&Prime; css=\u00a0\u00bb.vc_custom_1536598392128{margin-bottom: 0px !important;}\u00a0\u00bb el_class=\u00a0\u00bbpage-header\u00a0\u00bb][vc_column css=\u00a0\u00bb.vc_custom_1536579615125{padding-top: 60px !important;padding-bottom: 60px !important;}\u00a0\u00bb][vc_custom_heading source=\u00a0\u00bbpost_title\u00a0\u00bb font_container=\u00a0\u00bbtag:h1|text_align:left|color:%23ffffff\u00a0\u00bb use_theme_fonts=\u00a0\u00bbyes\u00a0\u00bb][\/vc_column][\/vc_row][vc_row css=\u00a0\u00bb.vc_custom_1536579952695{margin-top: 60px !important;margin-bottom: 60px !important;}\u00a0\u00bb][vc_column el_class=\u00a0\u00bbno-padding-left\u00a0\u00bb][vc_column_text] Coming\u00a0soon&#8230; Dans le cadre de notre politique de transparence, vous trouverez ici tr\u00e8s bient\u00f4t les informations que vous connaissiez d\u00e9j\u00e0 sur nos savoureuses viandes de porc, mais surtout tout ce que vous ne [&hellip;]<\/p>\n","protected":false},"author":1,"featured_media":0,"parent":0,"menu_order":0,"comment_status":"closed","ping_status":"closed","template":"","meta":{"_acf_changed":false,"footnotes":"","_links_to":"","_links_to_target":""},"class_list":["post-2036","page","type-page","status-publish","hentry"],"acf":[],"_links":{"self":[{"href":"https:\/\/www.noordvlees-group.be\/fr\/wp-json\/wp\/v2\/pages\/2036","targetHints":{"allow":["GET"]}}],"collection":[{"href":"https:\/\/www.noordvlees-group.be\/fr\/wp-json\/wp\/v2\/pages"}],"about":[{"href":"https:\/\/www.noordvlees-group.be\/fr\/wp-json\/wp\/v2\/types\/page"}],"author":[{"embeddable":true,"href":"https:\/\/www.noordvlees-group.be\/fr\/wp-json\/wp\/v2\/users\/1"}],"replies":[{"embeddable":true,"href":"https:\/\/www.noordvlees-group.be\/fr\/wp-json\/wp\/v2\/comments?post=2036"}],"version-history":[{"count":2,"href":"https:\/\/www.noordvlees-group.be\/fr\/wp-json\/wp\/v2\/pages\/2036\/revisions"}],"predecessor-version":[{"id":2748,"href":"https:\/\/www.noordvlees-group.be\/fr\/wp-json\/wp\/v2\/pages\/2036\/revisions\/2748"}],"wp:attachment":[{"href":"https:\/\/www.noordvlees-group.be\/fr\/wp-json\/wp\/v2\/media?parent=2036"}],"curies":[{"name":"wp","href":"https:\/\/api.w.org\/{rel}","templated":true}]}}