{"id":2110,"date":"2018-09-13T12:36:01","date_gmt":"2018-09-13T12:36:01","guid":{"rendered":"http:\/\/www.noordvlees-group.be\/noordvlees\/duurzaamheid\/"},"modified":"2019-10-26T05:27:09","modified_gmt":"2019-10-26T05:27:09","slug":"durabilite","status":"publish","type":"page","link":"https:\/\/www.noordvlees-group.be\/fr\/noordvlees\/durabilite\/","title":{"rendered":"Durabilit\u00e9"},"content":{"rendered":"<div class=\"wpb-content-wrapper\"><p>[vc_row full_width=\u00a0\u00bbstretch_row\u00a0\u00bb parallax=\u00a0\u00bbcontent-moving\u00a0\u00bb parallax_image=\u00a0\u00bb94&Prime; css=\u00a0\u00bb.vc_custom_1536749385851{margin-bottom: 0px !important;}\u00a0\u00bb el_class=\u00a0\u00bbpage-header\u00a0\u00bb][vc_column css=\u00a0\u00bb.vc_custom_1536579615125{padding-top: 60px !important;padding-bottom: 60px !important;}\u00a0\u00bb][vc_custom_heading text=\u00a0\u00bbDurabilit\u00e9 et qualit\u00e9\u00a0\u00bb font_container=\u00a0\u00bbtag:h1|text_align:left|color:%23ffffff\u00a0\u00bb use_theme_fonts=\u00a0\u00bbyes\u00a0\u00bb][\/vc_column][\/vc_row][vc_row css=\u00a0\u00bb.vc_custom_1536747441158{margin-top: 60px !important;}\u00a0\u00bb][vc_column el_class=\u00a0\u00bbno-padding-left\u00a0\u00bb][vc_column_text css=\u00a0\u00bb.vc_custom_1572062347037{margin-bottom: 0px !important;}\u00a0\u00bb]<\/p>\n<p style=\"text-align: center;\"><strong>Nos collaborateurs sont notre plus pr\u00e9cieux capital.<\/strong> Au quotidien, ils assurent la bonne marche de notre entreprise. Nous consid\u00e9rons aussi le <strong>contact avec nos riverains<\/strong>, et avec nos autres intervenants, comme essentiel.<\/p>\n<p style=\"text-align: center;\"><strong>Le bien-\u00eatre animal est aussi une de nos pr\u00e9occupations premi\u00e8res.<\/strong> Nous tenons \u00e0 ce que nos porcs soient trait\u00e9s avec un maximum d\u2019\u00e9gards, sans leur imposer de stress. Notre philosophie est simple\u00a0: une viande savoureuse est l\u2019aboutissement d\u2019une fili\u00e8re s\u00fbre et hygi\u00e9nique. Dans cette optique, nous collaborons activement avec l\u2019Agence f\u00e9d\u00e9rale pour la S\u00e9curit\u00e9 de la Cha\u00eene alimentaire (AFSCA).<\/p>\n<p style=\"text-align: center;\">Par \u2018Durabilit\u00e9\u2019, nous entendons aussi une d\u00e9marche intensive pour r\u00e9duire notre impact sur <strong>l\u2019environnement<\/strong>. Pour ce faire, nous prenons de multiples mesures.<\/p>\n<p style=\"text-align: center;\"><strong>Vous souhaitez de plus amples informations sur nos initiatives dans ce domaine\u00a0?<\/strong><br \/>\nConsultez notre cercle \u00e9cologique ci-dessous, et positionnez votre curseur sur les diff\u00e9rentes ic\u00f4nes\u00a0!<\/p>\n<p>[\/vc_column_text][\/vc_column][\/vc_row][vc_row][vc_column offset=\u00a0\u00bbvc_col-lg-offset-2 vc_col-lg-8&Prime;][vc_column_text]<div id=\"image-map-pro-6789\"><\/div>[\/vc_column_text][\/vc_column][\/vc_row]<\/p>\n<\/div>","protected":false},"excerpt":{"rendered":"<p>[vc_row full_width=\u00a0\u00bbstretch_row\u00a0\u00bb parallax=\u00a0\u00bbcontent-moving\u00a0\u00bb parallax_image=\u00a0\u00bb94&Prime; css=\u00a0\u00bb.vc_custom_1536749385851{margin-bottom: 0px !important;}\u00a0\u00bb el_class=\u00a0\u00bbpage-header\u00a0\u00bb][vc_column css=\u00a0\u00bb.vc_custom_1536579615125{padding-top: 60px !important;padding-bottom: 60px !important;}\u00a0\u00bb][vc_custom_heading text=\u00a0\u00bbDurabilit\u00e9 et qualit\u00e9\u00a0\u00bb font_container=\u00a0\u00bbtag:h1|text_align:left|color:%23ffffff\u00a0\u00bb use_theme_fonts=\u00a0\u00bbyes\u00a0\u00bb][\/vc_column][\/vc_row][vc_row css=\u00a0\u00bb.vc_custom_1536747441158{margin-top: 60px !important;}\u00a0\u00bb][vc_column el_class=\u00a0\u00bbno-padding-left\u00a0\u00bb][vc_column_text css=\u00a0\u00bb.vc_custom_1572062347037{margin-bottom: 0px !important;}\u00a0\u00bb] Nos collaborateurs sont notre plus pr\u00e9cieux capital. Au quotidien, ils assurent la bonne marche de notre entreprise. Nous consid\u00e9rons aussi le contact avec nos riverains, et avec nos autres intervenants, [&hellip;]<\/p>\n","protected":false},"author":1,"featured_media":0,"parent":2052,"menu_order":0,"comment_status":"closed","ping_status":"closed","template":"page-noordvlees.php","meta":{"_acf_changed":false,"footnotes":"","_links_to":"","_links_to_target":""},"class_list":["post-2110","page","type-page","status-publish","hentry"],"acf":[],"_links":{"self":[{"href":"https:\/\/www.noordvlees-group.be\/fr\/wp-json\/wp\/v2\/pages\/2110","targetHints":{"allow":["GET"]}}],"collection":[{"href":"https:\/\/www.noordvlees-group.be\/fr\/wp-json\/wp\/v2\/pages"}],"about":[{"href":"https:\/\/www.noordvlees-group.be\/fr\/wp-json\/wp\/v2\/types\/page"}],"author":[{"embeddable":true,"href":"https:\/\/www.noordvlees-group.be\/fr\/wp-json\/wp\/v2\/users\/1"}],"replies":[{"embeddable":true,"href":"https:\/\/www.noordvlees-group.be\/fr\/wp-json\/wp\/v2\/comments?post=2110"}],"version-history":[{"count":4,"href":"https:\/\/www.noordvlees-group.be\/fr\/wp-json\/wp\/v2\/pages\/2110\/revisions"}],"predecessor-version":[{"id":2222,"href":"https:\/\/www.noordvlees-group.be\/fr\/wp-json\/wp\/v2\/pages\/2110\/revisions\/2222"}],"up":[{"embeddable":true,"href":"https:\/\/www.noordvlees-group.be\/fr\/wp-json\/wp\/v2\/pages\/2052"}],"wp:attachment":[{"href":"https:\/\/www.noordvlees-group.be\/fr\/wp-json\/wp\/v2\/media?parent=2110"}],"curies":[{"name":"wp","href":"https:\/\/api.w.org\/{rel}","templated":true}]}}