{"id":2127,"date":"2018-09-24T21:15:18","date_gmt":"2018-09-24T21:15:18","guid":{"rendered":"http:\/\/www.noordvlees-group.be\/noordvlees\/contact\/"},"modified":"2021-04-08T09:21:36","modified_gmt":"2021-04-08T09:21:36","slug":"contact","status":"publish","type":"page","link":"https:\/\/www.noordvlees-group.be\/fr\/noordvlees\/contact\/","title":{"rendered":"Contact"},"content":{"rendered":"<div class=\"wpb-content-wrapper\"><p>[vc_row full_width=\u00a0\u00bbstretch_row\u00a0\u00bb parallax=\u00a0\u00bbcontent-moving\u00a0\u00bb parallax_image=\u00a0\u00bb849&Prime; css=\u00a0\u00bb.vc_custom_1537823243812{margin-bottom: 0px !important;}\u00a0\u00bb][vc_column css=\u00a0\u00bb.vc_custom_1537822965312{padding-top: 60px !important;padding-bottom: 60px !important;}\u00a0\u00bb][vc_custom_heading text=\u00a0\u00bbContactez-nous !\u00a0\u00bb font_container=\u00a0\u00bbtag:h1|text_align:left|color:%23ffffff\u00a0\u00bb use_theme_fonts=\u00a0\u00bbyes\u00a0\u00bb][\/vc_column][\/vc_row][vc_row css=\u00a0\u00bb.vc_custom_1536554644042{margin-top: 60px !important;margin-bottom: 60px !important;}\u00a0\u00bb][vc_column width=\u00a0\u00bb1\/2&Prime;]<div class=\"evc-icon-with-text evc-shortcode  evc-iwt-icon-left\">\n\t<div class=\"evc-iwt-icon-holder\">\n\t\t\t\n\t<span class=\"evc-iwt-icon typcn typcn-location-outline\" style=\"font-size: 24px;color: #e52813\"><\/span>\n\t<\/div>\n\t<div class=\"evc-iwt-content\">\n\t\t\t<h4 class=\"evc-iwt-title\" >\n\t\t\t\t\tAdresse\t\t\t<\/h4>\n\t<p class=\"evc-iwt-text\" >Bloemstraat 56, 2920 Kalmthout<\/p>\n\t<\/div>\n<\/div>\n[vc_empty_space height=\u00a0\u00bb20px\u00a0\u00bb]<div class=\"evc-icon-with-text evc-shortcode  evc-iwt-icon-left\">\n\t<div class=\"evc-iwt-icon-holder\">\n\t\t\t\n\t<span class=\"evc-iwt-icon typcn typcn-phone-outline\" style=\"font-size: 24px;color: #e52813\"><\/span>\n\t<\/div>\n\t<div class=\"evc-iwt-content\">\n\t\t\t<h4 class=\"evc-iwt-title\" >\n\t\t\t\t\tNum\u00e9ro de t\u00e9l\u00e9phone\t\t\t<\/h4>\n\t<p class=\"evc-iwt-text\" >+32 (0)3\/666 70 80<\/p>\n\t<\/div>\n<\/div>\n[vc_empty_space height=\u00a0\u00bb20px\u00a0\u00bb]<div class=\"evc-icon-with-text evc-shortcode  evc-iwt-icon-left\">\n\t<div class=\"evc-iwt-icon-holder\">\n\t\t\t\n\t<span class=\"evc-iwt-icon typcn typcn-printer\" style=\"font-size: 24px;color: #e52813\"><\/span>\n\t<\/div>\n\t<div class=\"evc-iwt-content\">\n\t\t\t<h4 class=\"evc-iwt-title\" >\n\t\t\t\t\tFax\t\t\t<\/h4>\n\t<p class=\"evc-iwt-text\" >+32 (0)3\/666 45 37<\/p>\n\t<\/div>\n<\/div>\n[vc_empty_space height=\u00a0\u00bb20px\u00a0\u00bb]<div class=\"evc-icon-with-text evc-shortcode  evc-iwt-icon-left\">\n\t<div class=\"evc-iwt-icon-holder\">\n\t\t\t\n\t<span class=\"evc-iwt-icon typcn typcn-mail\" style=\"font-size: 24px;color: #e52813\"><\/span>\n\t<\/div>\n\t<div class=\"evc-iwt-content\">\n\t\t\t<h4 class=\"evc-iwt-title\" >\n\t\t\t\t\tAdresse e-mail\t\t\t<\/h4>\n\t<p class=\"evc-iwt-text\" >info@noordvlees.be<\/p>\n\t<\/div>\n<\/div>\n[vc_empty_space height=\u00a0\u00bb20px\u00a0\u00bb]<div class=\"evc-icon-with-text evc-shortcode  evc-iwt-icon-left\">\n\t<div class=\"evc-iwt-icon-holder\">\n\t\t\t\n\t<span class=\"evc-iwt-icon typcn typcn-social-linkedin\" style=\"font-size: 24px;color: #e52813\"><\/span>\n\t<\/div>\n\t<div class=\"evc-iwt-content\">\n\t\t\t<h4 class=\"evc-iwt-title\" >\n\t\t\t\t\t<a class=\"evc-iwt-link\" href=\"https:\/\/www.linkedin.com\/company\/31423881\/\" target=\"_blank\">\n\t\t\t\t\tLinkedIn\t\t\t\t\t<\/a>\n\t\t\t<\/h4>\n\t<p class=\"evc-iwt-text\" >Noordvlees Group<\/p>\n\t<\/div>\n<\/div>\n[vc_empty_space height=\u00a0\u00bb20px\u00a0\u00bb]<div class=\"evc-icon-with-text evc-shortcode  evc-iwt-icon-left\">\n\t<div class=\"evc-iwt-icon-holder\">\n\t\t\t\n\t<span class=\"evc-iwt-icon typcn typcn-social-instagram\" style=\"font-size: 24px;color: #e52813\"><\/span>\n\t<\/div>\n\t<div class=\"evc-iwt-content\">\n\t\t\t<h4 class=\"evc-iwt-title\" >\n\t\t\t\t\t<a class=\"evc-iwt-link\" href=\"https:\/\/www.instagram.com\/vikhetvarken\/\" target=\"_blank\">\n\t\t\t\t\tInstagram\t\t\t\t\t<\/a>\n\t\t\t<\/h4>\n\t<p class=\"evc-iwt-text\" >Vik het Varken<\/p>\n\t<\/div>\n<\/div>\n[vc_empty_space height=\u00a0\u00bb60px\u00a0\u00bb]\n<div class=\"wpcf7 no-js\" id=\"wpcf7-f2046-o1\" lang=\"nl-BE\" dir=\"ltr\" data-wpcf7-id=\"2046\">\n<div class=\"screen-reader-response\"><p role=\"status\" aria-live=\"polite\" aria-atomic=\"true\"><\/p> <ul><\/ul><\/div>\n<form action=\"\/fr\/wp-json\/wp\/v2\/pages\/2127#wpcf7-f2046-o1\" method=\"post\" class=\"wpcf7-form init\" aria-label=\"Contactformulier\" novalidate=\"novalidate\" data-status=\"init\">\n<fieldset class=\"hidden-fields-container\"><input type=\"hidden\" name=\"_wpcf7\" value=\"2046\" \/><input type=\"hidden\" name=\"_wpcf7_version\" value=\"6.1.5\" \/><input type=\"hidden\" name=\"_wpcf7_locale\" value=\"nl_BE\" \/><input type=\"hidden\" name=\"_wpcf7_unit_tag\" value=\"wpcf7-f2046-o1\" \/><input type=\"hidden\" name=\"_wpcf7_container_post\" value=\"0\" \/><input type=\"hidden\" name=\"_wpcf7_posted_data_hash\" value=\"\" \/><input type=\"hidden\" name=\"_wpcf7_recaptcha_response\" value=\"\" \/>\n<\/fieldset>\n<p><span class=\"wpcf7-form-control-wrap\" data-name=\"your-name\"><input size=\"40\" maxlength=\"400\" class=\"wpcf7-form-control wpcf7-text wpcf7-validates-as-required\" aria-required=\"true\" aria-invalid=\"false\" placeholder=\"Nom\" value=\"\" type=\"text\" name=\"your-name\" \/><\/span>\n<\/p>\n<p><span class=\"wpcf7-form-control-wrap\" data-name=\"your-email\"><input size=\"40\" maxlength=\"400\" class=\"wpcf7-form-control wpcf7-email wpcf7-validates-as-required wpcf7-text wpcf7-validates-as-email\" aria-required=\"true\" aria-invalid=\"false\" placeholder=\"Adresse e-mail\" value=\"\" type=\"email\" name=\"your-email\" \/><\/span>\n<\/p>\n<p><span class=\"wpcf7-form-control-wrap\" data-name=\"your-message\"><textarea cols=\"40\" rows=\"10\" maxlength=\"2000\" class=\"wpcf7-form-control wpcf7-textarea wpcf7-validates-as-required\" aria-required=\"true\" aria-invalid=\"false\" placeholder=\"Message\" name=\"your-message\"><\/textarea><\/span>\n<\/p>\n<p><span class=\"wpcf7-form-control-wrap\" data-name=\"acceptance-737\"><span class=\"wpcf7-form-control wpcf7-acceptance\"><span class=\"wpcf7-list-item\"><label><input type=\"checkbox\" name=\"acceptance-737\" value=\"1\" aria-invalid=\"false\" \/><span class=\"wpcf7-list-item-label\">J'ACCEPTE  <a href=\"http:\/\/www.noordvlees-group.be\/fr\/privacy-policy\/ \"\n>LA POLITIQUE DE CONFIDENTIALIT\u00c9<\/a> <a href=\"http:\/\/www.noordvlees-group.be\/wp-content\/uploads\/2020\/11\/20200916_FR_Noordvlees_privacyverklaring.pdf\" target=\"_blank\"\n>(pdf)<\/a><\/span><\/label><\/span><\/span><\/span>\n<\/p>\n<p><input class=\"wpcf7-form-control wpcf7-submit has-spinner\" type=\"submit\" value=\"Envoyer\" \/>\n<\/p><div class=\"wpcf7-response-output\" aria-hidden=\"true\"><\/div>\n<\/form>\n<\/div>\n[\/vc_column][vc_column width=\u00a0\u00bb1\/2&Prime;][vc_single_image image=\u00a0\u00bb1383&Prime; img_size=\u00a0\u00bbfull\u00a0\u00bb][\/vc_column][\/vc_row]<\/p>\n<\/div>","protected":false},"excerpt":{"rendered":"<p>[vc_row full_width=\u00a0\u00bbstretch_row\u00a0\u00bb parallax=\u00a0\u00bbcontent-moving\u00a0\u00bb parallax_image=\u00a0\u00bb849&Prime; css=\u00a0\u00bb.vc_custom_1537823243812{margin-bottom: 0px !important;}\u00a0\u00bb][vc_column css=\u00a0\u00bb.vc_custom_1537822965312{padding-top: 60px !important;padding-bottom: 60px !important;}\u00a0\u00bb][vc_custom_heading text=\u00a0\u00bbContactez-nous !\u00a0\u00bb font_container=\u00a0\u00bbtag:h1|text_align:left|color:%23ffffff\u00a0\u00bb use_theme_fonts=\u00a0\u00bbyes\u00a0\u00bb][\/vc_column][\/vc_row][vc_row css=\u00a0\u00bb.vc_custom_1536554644042{margin-top: 60px !important;margin-bottom: 60px !important;}\u00a0\u00bb][vc_column width=\u00a0\u00bb1\/2&Prime;][vc_empty_space height=\u00a0\u00bb20px\u00a0\u00bb][vc_empty_space height=\u00a0\u00bb20px\u00a0\u00bb][vc_empty_space height=\u00a0\u00bb20px\u00a0\u00bb][vc_empty_space height=\u00a0\u00bb20px\u00a0\u00bb][vc_empty_space height=\u00a0\u00bb20px\u00a0\u00bb][vc_empty_space height=\u00a0\u00bb60px\u00a0\u00bb][\/vc_column][vc_column width=\u00a0\u00bb1\/2&Prime;][vc_single_image image=\u00a0\u00bb1383&Prime; img_size=\u00a0\u00bbfull\u00a0\u00bb][\/vc_column][\/vc_row]<\/p>\n","protected":false},"author":1,"featured_media":0,"parent":2052,"menu_order":0,"comment_status":"closed","ping_status":"closed","template":"page-noordvlees.php","meta":{"_acf_changed":false,"footnotes":"","_links_to":"","_links_to_target":""},"class_list":["post-2127","page","type-page","status-publish","hentry"],"acf":[],"_links":{"self":[{"href":"https:\/\/www.noordvlees-group.be\/fr\/wp-json\/wp\/v2\/pages\/2127","targetHints":{"allow":["GET"]}}],"collection":[{"href":"https:\/\/www.noordvlees-group.be\/fr\/wp-json\/wp\/v2\/pages"}],"about":[{"href":"https:\/\/www.noordvlees-group.be\/fr\/wp-json\/wp\/v2\/types\/page"}],"author":[{"embeddable":true,"href":"https:\/\/www.noordvlees-group.be\/fr\/wp-json\/wp\/v2\/users\/1"}],"replies":[{"embeddable":true,"href":"https:\/\/www.noordvlees-group.be\/fr\/wp-json\/wp\/v2\/comments?post=2127"}],"version-history":[{"count":4,"href":"https:\/\/www.noordvlees-group.be\/fr\/wp-json\/wp\/v2\/pages\/2127\/revisions"}],"predecessor-version":[{"id":2759,"href":"https:\/\/www.noordvlees-group.be\/fr\/wp-json\/wp\/v2\/pages\/2127\/revisions\/2759"}],"up":[{"embeddable":true,"href":"https:\/\/www.noordvlees-group.be\/fr\/wp-json\/wp\/v2\/pages\/2052"}],"wp:attachment":[{"href":"https:\/\/www.noordvlees-group.be\/fr\/wp-json\/wp\/v2\/media?parent=2127"}],"curies":[{"name":"wp","href":"https:\/\/api.w.org\/{rel}","templated":true}]}}