{"id":2137,"date":"2018-09-12T09:52:25","date_gmt":"2018-09-12T09:52:25","guid":{"rendered":"http:\/\/www.noordvlees-group.be\/noordvlees\/jobs\/"},"modified":"2024-09-17T09:21:58","modified_gmt":"2024-09-17T09:21:58","slug":"jobs","status":"publish","type":"page","link":"https:\/\/www.noordvlees-group.be\/fr\/noordvlees\/jobs\/","title":{"rendered":"Jobs"},"content":{"rendered":"<div class=\"wpb-content-wrapper\"><p>[vc_row full_width=\u00a0\u00bbstretch_row\u00a0\u00bb parallax=\u00a0\u00bbcontent-moving\u00a0\u00bb parallax_image=\u00a0\u00bb410&Prime; css=\u00a0\u00bb.vc_custom_1536585958082{margin-bottom: 0px !important;}\u00a0\u00bb el_class=\u00a0\u00bbpage-header\u00a0\u00bb][vc_column css=\u00a0\u00bb.vc_custom_1536579615125{padding-top: 60px !important;padding-bottom: 60px !important;}\u00a0\u00bb][vc_custom_heading source=\u00a0\u00bbpost_title\u00a0\u00bb font_container=\u00a0\u00bbtag:h1|text_align:left|color:%23ffffff\u00a0\u00bb use_theme_fonts=\u00a0\u00bbyes\u00a0\u00bb][\/vc_column][\/vc_row][vc_row css=\u00a0\u00bb.vc_custom_1536579952695{margin-top: 60px !important;margin-bottom: 60px !important;}\u00a0\u00bb][vc_column el_class=\u00a0\u00bbno-padding-left\u00a0\u00bb][vc_column_text]<\/p>\n<h1 style=\"text-align: center;\">Travailler pour <span style=\"color: #e52813;\">Noordvlees<\/span>, c\u2019est\u2026<\/h1>\n<p style=\"text-align: center;\">\u2026cool, enrichissant et enthousiasmant ! Notre effectif actuel est de <strong>\u00b1100 personnes,<\/strong> mais nous sommes en permanence \u00e0 la recherche de nouveaux collaborateurs, et ce pour les divers d\u00e9partements de nos multiples entit\u00e9s. Nos collaborateurs \u00e9tant le plus pr\u00e9cieux capital de notre entreprise, nous leur proposons de multiples formations, ateliers et perfectionnements, pour leur permettre de ma\u00eetriser chacun de nos m\u00e9tiers.<br \/>\nVous aussi, vous aimeriez nous aider \u00e0 proposer aux consommateurs de la viande de porc saine et savoureuse ?<br \/>\nSi vous souhaitez rejoindre Noordvlees Group, sachez que <strong>la passion et l\u2019implication<\/strong> sont deux qualit\u00e9s indispensables. Int\u00e9ress\u00e9\u00b7e ? Consultez nos offres d\u2019emploi et rejoignez-nous au plus vite !<\/p>\n<p style=\"text-align: center;\">Vous ne trouvez pas (ci-dessous) de job \u00e0 votre mesure ? N\u2019h\u00e9sitez pas \u00e0 nous adresser votre <a href=\"http:\/\/www.noordvlees-group.be\/fr\/noordvlees\/contact\/\">candidature spontan\u00e9e<\/a>.<br \/>\n<strong>Nous vous r\u00e9pondrons dans les plus brefs d\u00e9lais !<\/strong><\/p>\n<p>[\/vc_column_text][\/vc_column][\/vc_row][vc_row css=\u00a0\u00bb.vc_custom_1536598164952{margin-top: 60px !important;margin-bottom: 60px !important;}\u00a0\u00bb el_class=\u00a0\u00bbpage-header\u00a0\u00bb][vc_column el_class=\u00a0\u00bbno-padding-left\u00a0\u00bb][vc_column_text]<\/p>\n<h1 style=\"text-align: center;\">D\u00e9couvrez nos offres d\u2019emploi<\/h1>\n<p>[\/vc_column_text][\/vc_column][\/vc_row][vc_row][vc_column][vc_basic_grid post_type=\u00a0\u00bbjobs\u00a0\u00bb max_items=\u00a0\u00bb10&Prime; element_width=\u00a0\u00bb6&Prime; gap=\u00a0\u00bb0&Prime; item=\u00a0\u00bb432&Prime; grid_id=\u00a0\u00bbvc_gid:1726564902355-d9b98fbc-6d07-1&Prime; css=\u00a0\u00bb.vc_custom_1537828194438{margin-bottom: 0px !important;}\u00a0\u00bb taxonomies=\u00a0\u00bb15&Prime;][\/vc_column][\/vc_row][vc_row full_width=\u00a0\u00bbstretch_row_content_no_spaces\u00a0\u00bb][vc_column]<div class=\"evc-image-gallery evc-shortcode evc-element-has-columns  evc-ig-grid-type evc-three-columns evc-no-space  \">\n\t<div class=\"evc-ig-wrapper evc-element-wrapper\">\n\t\t\t\t\t<div class=\"evc-ig-image-item evc-element-item\">\n\t\t\t\t<div class=\"evc-ig-image \">\n\t\t\t\t\t\t\t\t\t\t\n\t\t\t\t\t\t\t\t\t\t\n\t\t\t\t\t<img loading=\"lazy\" decoding=\"async\" width=\"1000\" height=\"1000\" src=\"https:\/\/www.noordvlees-group.be\/wp-content\/uploads\/2018\/09\/jobs1.jpg\" class=\"attachment-full size-full\" alt=\"\" srcset=\"https:\/\/www.noordvlees-group.be\/wp-content\/uploads\/2018\/09\/jobs1.jpg 1000w, https:\/\/www.noordvlees-group.be\/wp-content\/uploads\/2018\/09\/jobs1-150x150.jpg 150w, https:\/\/www.noordvlees-group.be\/wp-content\/uploads\/2018\/09\/jobs1-300x300.jpg 300w, https:\/\/www.noordvlees-group.be\/wp-content\/uploads\/2018\/09\/jobs1-768x768.jpg 768w\" sizes=\"auto, (max-width: 1000px) 100vw, 1000px\" \/>\t\t\t\t\t\n\t\t\t\t\t\t\t\t\t<\/div>\n\t\t\t<\/div>\n\t\t\t\t\t<div class=\"evc-ig-image-item evc-element-item\">\n\t\t\t\t<div class=\"evc-ig-image \">\n\t\t\t\t\t\t\t\t\t\t\n\t\t\t\t\t\t\t\t\t\t\n\t\t\t\t\t<img loading=\"lazy\" decoding=\"async\" width=\"1000\" height=\"1000\" src=\"https:\/\/www.noordvlees-group.be\/wp-content\/uploads\/2018\/09\/jobs2.jpg\" class=\"attachment-full size-full\" alt=\"\" srcset=\"https:\/\/www.noordvlees-group.be\/wp-content\/uploads\/2018\/09\/jobs2.jpg 1000w, https:\/\/www.noordvlees-group.be\/wp-content\/uploads\/2018\/09\/jobs2-150x150.jpg 150w, https:\/\/www.noordvlees-group.be\/wp-content\/uploads\/2018\/09\/jobs2-300x300.jpg 300w, https:\/\/www.noordvlees-group.be\/wp-content\/uploads\/2018\/09\/jobs2-768x768.jpg 768w\" sizes=\"auto, (max-width: 1000px) 100vw, 1000px\" \/>\t\t\t\t\t\n\t\t\t\t\t\t\t\t\t<\/div>\n\t\t\t<\/div>\n\t\t\t\t\t<div class=\"evc-ig-image-item evc-element-item\">\n\t\t\t\t<div class=\"evc-ig-image \">\n\t\t\t\t\t\t\t\t\t\t\n\t\t\t\t\t\t\t\t\t\t\n\t\t\t\t\t<img loading=\"lazy\" decoding=\"async\" width=\"1000\" height=\"1000\" src=\"https:\/\/www.noordvlees-group.be\/wp-content\/uploads\/2018\/09\/jobs4.jpg\" class=\"attachment-full size-full\" alt=\"\" srcset=\"https:\/\/www.noordvlees-group.be\/wp-content\/uploads\/2018\/09\/jobs4.jpg 1000w, https:\/\/www.noordvlees-group.be\/wp-content\/uploads\/2018\/09\/jobs4-150x150.jpg 150w, https:\/\/www.noordvlees-group.be\/wp-content\/uploads\/2018\/09\/jobs4-300x300.jpg 300w, https:\/\/www.noordvlees-group.be\/wp-content\/uploads\/2018\/09\/jobs4-768x768.jpg 768w\" sizes=\"auto, (max-width: 1000px) 100vw, 1000px\" \/>\t\t\t\t\t\n\t\t\t\t\t\t\t\t\t<\/div>\n\t\t\t<\/div>\n\t\t\t<\/div>\n<\/div>\n[\/vc_column][\/vc_row]<\/p>\n<\/div>","protected":false},"excerpt":{"rendered":"<p>[vc_row full_width=\u00a0\u00bbstretch_row\u00a0\u00bb parallax=\u00a0\u00bbcontent-moving\u00a0\u00bb parallax_image=\u00a0\u00bb410&Prime; css=\u00a0\u00bb.vc_custom_1536585958082{margin-bottom: 0px !important;}\u00a0\u00bb el_class=\u00a0\u00bbpage-header\u00a0\u00bb][vc_column css=\u00a0\u00bb.vc_custom_1536579615125{padding-top: 60px !important;padding-bottom: 60px !important;}\u00a0\u00bb][vc_custom_heading source=\u00a0\u00bbpost_title\u00a0\u00bb font_container=\u00a0\u00bbtag:h1|text_align:left|color:%23ffffff\u00a0\u00bb use_theme_fonts=\u00a0\u00bbyes\u00a0\u00bb][\/vc_column][\/vc_row][vc_row css=\u00a0\u00bb.vc_custom_1536579952695{margin-top: 60px !important;margin-bottom: 60px !important;}\u00a0\u00bb][vc_column el_class=\u00a0\u00bbno-padding-left\u00a0\u00bb][vc_column_text] Travailler pour Noordvlees, c\u2019est\u2026 \u2026cool, enrichissant et enthousiasmant ! Notre effectif actuel est de \u00b1100 personnes, mais nous sommes en permanence \u00e0 la recherche de nouveaux collaborateurs, et ce pour les divers d\u00e9partements [&hellip;]<\/p>\n","protected":false},"author":1,"featured_media":0,"parent":2052,"menu_order":0,"comment_status":"closed","ping_status":"closed","template":"page-noordvlees.php","meta":{"_acf_changed":false,"footnotes":"","_links_to":"","_links_to_target":""},"class_list":["post-2137","page","type-page","status-publish","hentry"],"acf":[],"_links":{"self":[{"href":"https:\/\/www.noordvlees-group.be\/fr\/wp-json\/wp\/v2\/pages\/2137","targetHints":{"allow":["GET"]}}],"collection":[{"href":"https:\/\/www.noordvlees-group.be\/fr\/wp-json\/wp\/v2\/pages"}],"about":[{"href":"https:\/\/www.noordvlees-group.be\/fr\/wp-json\/wp\/v2\/types\/page"}],"author":[{"embeddable":true,"href":"https:\/\/www.noordvlees-group.be\/fr\/wp-json\/wp\/v2\/users\/1"}],"replies":[{"embeddable":true,"href":"https:\/\/www.noordvlees-group.be\/fr\/wp-json\/wp\/v2\/comments?post=2137"}],"version-history":[{"count":4,"href":"https:\/\/www.noordvlees-group.be\/fr\/wp-json\/wp\/v2\/pages\/2137\/revisions"}],"predecessor-version":[{"id":3072,"href":"https:\/\/www.noordvlees-group.be\/fr\/wp-json\/wp\/v2\/pages\/2137\/revisions\/3072"}],"up":[{"embeddable":true,"href":"https:\/\/www.noordvlees-group.be\/fr\/wp-json\/wp\/v2\/pages\/2052"}],"wp:attachment":[{"href":"https:\/\/www.noordvlees-group.be\/fr\/wp-json\/wp\/v2\/media?parent=2137"}],"curies":[{"name":"wp","href":"https:\/\/api.w.org\/{rel}","templated":true}]}}